{"id":4082,"date":"2025-07-09T12:56:48","date_gmt":"2025-07-09T12:56:48","guid":{"rendered":"https:\/\/qelizaesthetics.com\/?post_type=product&#038;p=4082"},"modified":"2025-09-02T15:46:59","modified_gmt":"2025-09-02T15:46:59","slug":"vitamin-d-complex-cream","status":"publish","type":"product","link":"https:\/\/qelizaesthetics.com\/de\/produkt\/vitamin-d-komplex-creme\/","title":{"rendered":"Vitamin-D-Komplex-Creme"},"content":{"rendered":"<p>Eine feuchtigkeitsspendende Tagescreme mit Vitamin D, die altersbedingte Hautsch\u00e4den repariert. Verst\u00e4rkende Peptide unterst\u00fctzen das Erscheinungsbild durch Festigung und Straffung f\u00fcr einen gleichm\u00e4\u00dfigeren Hautton und weniger sichtbare Zornesfalten. Die verfeinernde Pore Perfect Technology hilft, die Porenstruktur zu verst\u00e4rken und verleiht der Haut ein jugendlicheres Aussehen.<\/p>\n<p><strong>Wegbeschreibung:<\/strong>\u00a0T\u00e4glich 1-2 Pumpst\u00f6\u00dfe nach den Seren auftragen. Gr\u00fcndlich einmassieren. Anschlie\u00dfend mit SPF auftragen. Kann auch nach dem Peeling oder der Behandlung verwendet werden.<\/p>\n<p><strong>Hauttyp:<\/strong>\u00a0Gut f\u00fcr alle Hauttypen, einschlie\u00dflich empfindlicher Haut und Rosacea<\/p>\n<p><strong>pH-Wert:<\/strong>\u00a05.5 - 6.5<\/p>\n<p><strong>Gr\u00f6\u00dfe:<\/strong>\u00a01.7oz \/ 48g<\/p>\n<p><strong>Vorteile:<\/strong><\/p>\n<ul>\n<li>Vitamin D spielt eine wesentliche Rolle f\u00fcr den Schutz und die Verj\u00fcngung der Haut<\/li>\n<li>Ein Gro\u00dfteil des in der Haut produzierten Vitamin D wird auch von anderen Systemen des K\u00f6rpers aufgenommen und verwendet<\/li>\n<li>Eine vollst\u00e4ndige, essentielle Vitamindosis von Vitamin D, C und E<\/li>\n<li>Hervorragend geeignet f\u00fcr dermatologische Erkrankungen: Dermatitis, Ekzeme, Psoriasis, Rosacea<\/li>\n<li>Hervorragend geeignet f\u00fcr die Zeit nach dem Peeling, nach dem Eingriff, nach der Operation und nach dem Dermal Needling<\/li>\n<li>Verhindert den epidermalen Wasserverlust und versiegelt die Hautbarriere<\/li>\n<\/ul>\n<p><strong>Zutaten:<\/strong>\u00a0Wasser, Cyclopentasiloxane, Cetearyl Alcohol, Cyclohexasiloxane, Behenoxy Dimethicone, Dimethicone, Behentrimonium Methosulfate, Glycerin, Niacinamide, Cholecalciferol, Myristoyl Pentapeptide-17, Myristoyl Nonapeptide-3, Sodium Hyaluronate, Apium Graveolens (Celery) Seed Extract, Linum Usitatissimum (Leinsamen) Seed Extract, Tocopherol, Apfels\u00e4ure, Ascorbyl Linoleate, Tocopheryl Linoleate\/Oleate, N-Prolyl Palmitoyl Tripeptide-56 Acetate, Ethyl Macadamiate, Caprylic\/Capric Triglyceride, Sorbitan Trioleate, Caprylyl Glycol, Pentylene Glycol, Phenoxyethanol<\/p>","protected":false},"excerpt":{"rendered":"<p>Eine feuchtigkeitsspendende Tagescreme mit Vitamin D, die altersbedingte Hautsch\u00e4den repariert. Verst\u00e4rkende Peptide unterst\u00fctzen das Erscheinungsbild durch Festigung und Straffung f\u00fcr einen gleichm\u00e4\u00dfigeren Hautton und weniger sichtbare Zornesfalten. Die verfeinernde Pore Perfect Technology hilft, die Struktur der Poren zu verst\u00e4rken und verleiht der Haut ein jugendlicheres Aussehen [...]<\/p>","protected":false},"featured_media":4084,"comment_status":"open","ping_status":"closed","template":"","meta":[],"product_brand":[],"product_cat":[30,34],"product_tag":[],"class_list":{"0":"post-4082","1":"product","2":"type-product","3":"status-publish","4":"has-post-thumbnail","6":"product_cat-societe","7":"product_cat-skincare","9":"first","10":"instock","11":"shipping-taxable","12":"purchasable","13":"product-type-simple"},"_links":{"self":[{"href":"https:\/\/qelizaesthetics.com\/de\/wp-json\/wp\/v2\/product\/4082","targetHints":{"allow":["GET"]}}],"collection":[{"href":"https:\/\/qelizaesthetics.com\/de\/wp-json\/wp\/v2\/product"}],"about":[{"href":"https:\/\/qelizaesthetics.com\/de\/wp-json\/wp\/v2\/types\/product"}],"replies":[{"embeddable":true,"href":"https:\/\/qelizaesthetics.com\/de\/wp-json\/wp\/v2\/comments?post=4082"}],"wp:featuredmedia":[{"embeddable":true,"href":"https:\/\/qelizaesthetics.com\/de\/wp-json\/wp\/v2\/media\/4084"}],"wp:attachment":[{"href":"https:\/\/qelizaesthetics.com\/de\/wp-json\/wp\/v2\/media?parent=4082"}],"wp:term":[{"taxonomy":"product_brand","embeddable":true,"href":"https:\/\/qelizaesthetics.com\/de\/wp-json\/wp\/v2\/product_brand?post=4082"},{"taxonomy":"product_cat","embeddable":true,"href":"https:\/\/qelizaesthetics.com\/de\/wp-json\/wp\/v2\/product_cat?post=4082"},{"taxonomy":"product_tag","embeddable":true,"href":"https:\/\/qelizaesthetics.com\/de\/wp-json\/wp\/v2\/product_tag?post=4082"}],"curies":[{"name":"wp","href":"https:\/\/api.w.org\/{rel}","templated":true}]}}