{"id":4077,"date":"2025-07-09T12:43:49","date_gmt":"2025-07-09T12:43:49","guid":{"rendered":"https:\/\/qelizaesthetics.com\/?post_type=product&#038;p=4077"},"modified":"2025-09-02T15:47:09","modified_gmt":"2025-09-02T15:47:09","slug":"peptide-mask","status":"publish","type":"product","link":"https:\/\/qelizaesthetics.com\/de\/produkt\/peptidmaske\/","title":{"rendered":"Peptid-Maske"},"content":{"rendered":"<p><strong>VERWENDUNGEN: \u00a0<\/strong><strong>Perfekt f\u00fcr die Anwendung nach: Dermal Needling, Mikrodermabrasion, Gesichtsmodalit\u00e4ten, Gesichtsoperationen, Peelings, Laser und mehr.<\/strong><br \/>\n<strong>Die Rejuvenating Peptide Gel Mask wurde f\u00fcr die kosmetische Anwendung entwickelt, um die Haut nach Mikro-Nedling, chirurgischen Eingriffen, Injektionen und\/oder ablativen Behandlungen zu beruhigen und mit Feuchtigkeit zu versorgen. Dar\u00fcber hinaus kann sie auch bei Gesichtsbehandlungen und Mikrodermabrasion verwendet werden.<\/strong><\/p>\n<p>&nbsp;<\/p>\n<p>Diese Peptid-Gel-Bl\u00e4tter enthalten eine einzigartige Formulierung von Peptiden, pflanzlichen Stammzellen und gro\u00dfartigen Anti-Aging-Wirkstoffen, die zur Hautverj\u00fcngung beitragen, und sind mit einer innovativen Technologie namens TCD (Transdermal Cosmetic Delivery) ausgestattet, die sicherstellt, dass ihre wichtigsten Inhaltsstoffe durch die Hauttemperatur aktiviert werden. Dar\u00fcber hinaus wird der Feuchtigkeitsverlust der Haut schnell minimiert und die F\u00e4higkeit der Haut, sich selbst zu befeuchten, verbessert.<\/p>\n<p class=\"p1\"><strong>Wegbeschreibung:<br \/>\n<\/strong>Die Rejuvenating Peptide Gel Mask kann je nach Bedarf im Gesicht und an anderen K\u00f6rperstellen angewendet werden, um die Heilung zu f\u00f6rdern, die Haut mit Feuchtigkeit zu versorgen und R\u00f6tungen, Schwellungen und Reizungen zu reduzieren.<em>\u00a0TIPP: K\u00fchlen Sie die Masken f\u00fcr einen zus\u00e4tzlichen K\u00fchleffekt.<\/em><\/p>\n<p class=\"p1\"><strong>Vorteile:<\/strong><\/p>\n<ul>\n<li>Beruhigt, k\u00fchlt und bes\u00e4nftigt die Haut sofort<\/li>\n<li>Reduziert R\u00f6tungen und Schwellungen mit erfrischendem, k\u00fchlendem Effekt<\/li>\n<li>Spendet trockener und strapazierter Haut tiefenwirksame Feuchtigkeit<\/li>\n<\/ul>\n<p class=\"p1\"><strong>Zutaten:\u00a0<\/strong>Wasser, Chamomilla Recutita (Matricaria) Flower Extract, Hydrolyzed Collagen, Sodium Hyaluronate, Acetyl Hexapeptide-8, Glycerin, Rhododendron Ferrugineum Leaf Cell Culture Extract, Malus Domestica Fruit Cell Culture Extract, Portulaca Oleracea Extract, Mannan, Polysorbate 80, Dipotassium Glycyrrhizate, Disodium EDTA, Ceratonia Silique Gum, Potassium Hydroxide, Phenoxyethanol.<\/p>","protected":false},"excerpt":{"rendered":"<p>USES: \u00a0Perfect for use after: Dermal Needling, Microdermabrasion, Facial Modalities, Facial Surgery, Peels, Laser and more. The Rejuvenating Peptide Gel Mask was developed for cosmetic use to calm and moisturize the skin after micro-needling, surgical procedures, post injection, and\/or any ablative treatments. In addition, it can also be used during facials and microdermabrasion treatments. &nbsp; [&hellip;]<\/p>","protected":false},"featured_media":4079,"comment_status":"open","ping_status":"closed","template":"","meta":[],"product_brand":[],"product_cat":[33],"product_tag":[],"class_list":{"0":"post-4077","1":"product","2":"type-product","3":"status-publish","4":"has-post-thumbnail","6":"product_cat-peptide","8":"first","9":"instock","10":"shipping-taxable","11":"purchasable","12":"product-type-simple"},"_links":{"self":[{"href":"https:\/\/qelizaesthetics.com\/de\/wp-json\/wp\/v2\/product\/4077","targetHints":{"allow":["GET"]}}],"collection":[{"href":"https:\/\/qelizaesthetics.com\/de\/wp-json\/wp\/v2\/product"}],"about":[{"href":"https:\/\/qelizaesthetics.com\/de\/wp-json\/wp\/v2\/types\/product"}],"replies":[{"embeddable":true,"href":"https:\/\/qelizaesthetics.com\/de\/wp-json\/wp\/v2\/comments?post=4077"}],"wp:featuredmedia":[{"embeddable":true,"href":"https:\/\/qelizaesthetics.com\/de\/wp-json\/wp\/v2\/media\/4079"}],"wp:attachment":[{"href":"https:\/\/qelizaesthetics.com\/de\/wp-json\/wp\/v2\/media?parent=4077"}],"wp:term":[{"taxonomy":"product_brand","embeddable":true,"href":"https:\/\/qelizaesthetics.com\/de\/wp-json\/wp\/v2\/product_brand?post=4077"},{"taxonomy":"product_cat","embeddable":true,"href":"https:\/\/qelizaesthetics.com\/de\/wp-json\/wp\/v2\/product_cat?post=4077"},{"taxonomy":"product_tag","embeddable":true,"href":"https:\/\/qelizaesthetics.com\/de\/wp-json\/wp\/v2\/product_tag?post=4077"}],"curies":[{"name":"wp","href":"https:\/\/api.w.org\/{rel}","templated":true}]}}