{"id":3727,"date":"2025-02-03T16:55:54","date_gmt":"2025-02-03T16:55:54","guid":{"rendered":"https:\/\/qelizaesthetics.com\/?post_type=product&#038;p=3727"},"modified":"2025-09-02T15:53:39","modified_gmt":"2025-09-02T15:53:39","slug":"ashwagandha-500-mg-60-caps","status":"publish","type":"product","link":"https:\/\/qelizaesthetics.com\/de\/produkt\/ashwagandha-500-mg-60-kapseln\/","title":{"rendered":"Ashwagandha 500 mg (60 Kapseln)"},"content":{"rendered":"","protected":false},"excerpt":{"rendered":"<div class=\"border-section rte\"><strong>Ein adaptogenes Kraut<\/strong> ist daf\u00fcr bekannt, Stress abzubauen, die Stimmung zu verbessern, die kognitiven Funktionen zu f\u00f6rdern und das hormonelle Gleichgewicht zu unterst\u00fctzen.<\/div>\n<p>&nbsp;<\/p>\n<div class=\"border-section rte\"><strong>Wussten Sie schon?<\/strong><br \/>\nPaarung <strong>Ashwagandha<\/strong> mit <strong>Magnesiumthreonat<\/strong> <em>(demn\u00e4chst auf QelizA)<\/em> kann den Stressabbau verst\u00e4rken, die kognitiven Funktionen verbessern und eine tiefere Entspannung f\u00f6rdern, indem es die adaptogenen Eigenschaften von Ashwagandha mit der F\u00e4higkeit von Magnesiumthreonat kombiniert, die Blut-Hirn-Schranke zu \u00fcberwinden und das Gleichgewicht der Neurotransmitter zu unterst\u00fctzen.<\/div>","protected":false},"featured_media":3748,"comment_status":"open","ping_status":"closed","template":"","meta":[],"product_brand":[],"product_cat":[29],"product_tag":[],"class_list":{"0":"post-3727","1":"product","2":"type-product","3":"status-publish","4":"has-post-thumbnail","6":"product_cat-supplements","8":"first","9":"instock","10":"shipping-taxable","11":"purchasable","12":"product-type-simple"},"_links":{"self":[{"href":"https:\/\/qelizaesthetics.com\/de\/wp-json\/wp\/v2\/product\/3727","targetHints":{"allow":["GET"]}}],"collection":[{"href":"https:\/\/qelizaesthetics.com\/de\/wp-json\/wp\/v2\/product"}],"about":[{"href":"https:\/\/qelizaesthetics.com\/de\/wp-json\/wp\/v2\/types\/product"}],"replies":[{"embeddable":true,"href":"https:\/\/qelizaesthetics.com\/de\/wp-json\/wp\/v2\/comments?post=3727"}],"wp:featuredmedia":[{"embeddable":true,"href":"https:\/\/qelizaesthetics.com\/de\/wp-json\/wp\/v2\/media\/3748"}],"wp:attachment":[{"href":"https:\/\/qelizaesthetics.com\/de\/wp-json\/wp\/v2\/media?parent=3727"}],"wp:term":[{"taxonomy":"product_brand","embeddable":true,"href":"https:\/\/qelizaesthetics.com\/de\/wp-json\/wp\/v2\/product_brand?post=3727"},{"taxonomy":"product_cat","embeddable":true,"href":"https:\/\/qelizaesthetics.com\/de\/wp-json\/wp\/v2\/product_cat?post=3727"},{"taxonomy":"product_tag","embeddable":true,"href":"https:\/\/qelizaesthetics.com\/de\/wp-json\/wp\/v2\/product_tag?post=3727"}],"curies":[{"name":"wp","href":"https:\/\/api.w.org\/{rel}","templated":true}]}}