{"id":3680,"date":"2025-02-03T16:30:50","date_gmt":"2025-02-03T16:30:50","guid":{"rendered":"https:\/\/qelizaesthetics.com\/?post_type=product&#038;p=3680"},"modified":"2025-09-02T15:55:54","modified_gmt":"2025-09-02T15:55:54","slug":"magnesium-citrate-250-mg-60-caps","status":"publish","type":"product","link":"https:\/\/qelizaesthetics.com\/de\/produkt\/magnesiumzitrat-250-mg-60-kapseln\/","title":{"rendered":"Magnesiumcitrat 250 mg (60 Kapseln)"},"content":{"rendered":"","protected":false},"excerpt":{"rendered":"<div class=\"border-section rte\">\n    <strong>Wesentlich f\u00fcr die Muskelentspannung<\/strong>die Nervenfunktion und die Schlafqualit\u00e4t. Magnesiumcitrat ist eine der am besten bioverf\u00fcgbaren Formen und hilft beim Stressabbau und bei der Unterst\u00fctzung der Verdauung.\n<\/div>\n<p><\/p>\n<div class=\"border-section rte\">\n    <strong>Wussten Sie schon?<\/strong><br \/>\n    Paarung <strong>Magnesium<\/strong> mit Vitamin D + K (<strong><a href=\"https:\/\/qelizaesthetics.com\/de\/produkt\/vit-d3-5000-iu-k-60-kapseln\/\">Vitamin D3 5000 IU + K<\/a><\/strong> oder <strong><a href=\"https:\/\/qelizaesthetics.com\/de\/produkt\/vit-d3-10000-iu-k-60-kapseln\/\">Vit D3 10000 IU + K<\/a><\/strong>) verbessert die Kalziumaufnahme, unterst\u00fctzt die Knochengesundheit und optimiert den Vitamin-D-Stoffwechsel, da Magnesium f\u00fcr die Umwandlung von Vitamin D in seine aktive Form unerl\u00e4sslich ist, w\u00e4hrend Vitamin K daf\u00fcr sorgt, dass das Kalzium in die Knochen und nicht in die Arterien gelangt.\n<\/div>","protected":false},"featured_media":3743,"comment_status":"open","ping_status":"closed","template":"","meta":[],"product_brand":[],"product_cat":[29],"product_tag":[],"class_list":{"0":"post-3680","1":"product","2":"type-product","3":"status-publish","4":"has-post-thumbnail","6":"product_cat-supplements","8":"first","9":"instock","10":"shipping-taxable","11":"purchasable","12":"product-type-simple"},"_links":{"self":[{"href":"https:\/\/qelizaesthetics.com\/de\/wp-json\/wp\/v2\/product\/3680","targetHints":{"allow":["GET"]}}],"collection":[{"href":"https:\/\/qelizaesthetics.com\/de\/wp-json\/wp\/v2\/product"}],"about":[{"href":"https:\/\/qelizaesthetics.com\/de\/wp-json\/wp\/v2\/types\/product"}],"replies":[{"embeddable":true,"href":"https:\/\/qelizaesthetics.com\/de\/wp-json\/wp\/v2\/comments?post=3680"}],"wp:featuredmedia":[{"embeddable":true,"href":"https:\/\/qelizaesthetics.com\/de\/wp-json\/wp\/v2\/media\/3743"}],"wp:attachment":[{"href":"https:\/\/qelizaesthetics.com\/de\/wp-json\/wp\/v2\/media?parent=3680"}],"wp:term":[{"taxonomy":"product_brand","embeddable":true,"href":"https:\/\/qelizaesthetics.com\/de\/wp-json\/wp\/v2\/product_brand?post=3680"},{"taxonomy":"product_cat","embeddable":true,"href":"https:\/\/qelizaesthetics.com\/de\/wp-json\/wp\/v2\/product_cat?post=3680"},{"taxonomy":"product_tag","embeddable":true,"href":"https:\/\/qelizaesthetics.com\/de\/wp-json\/wp\/v2\/product_tag?post=3680"}],"curies":[{"name":"wp","href":"https:\/\/api.w.org\/{rel}","templated":true}]}}