{"id":2748,"date":"2024-10-18T15:15:49","date_gmt":"2024-10-18T15:15:49","guid":{"rendered":"https:\/\/qelizaesthetics.com\/?post_type=product&#038;p=2748"},"modified":"2025-09-02T15:57:27","modified_gmt":"2025-09-02T15:57:27","slug":"youth-daily-v2","status":"publish","type":"product","link":"https:\/\/qelizaesthetics.com\/de\/produkt\/youth-daily-v2\/","title":{"rendered":"YOUTH DAILY V2"},"content":{"rendered":"<h2 class=\"image-with-text__heading inline-richtext h2\">Erh\u00f6hen Sie Ihr t\u00e4gliches Ritual<\/h2>\n<div class=\"border-section rte\">\n<p><strong>T\u00e4gliche Verj\u00fcngung<\/strong><\/p>\n<p>Entwickelt f\u00fcr die t\u00e4gliche Anwendung, um die jugendliche Vitalit\u00e4t der Haut zu erhalten.<\/p>\n<\/div>\n<div class=\"border-section rte\">\n<p><strong>Fortgeschrittenes Anti-Aging<\/strong><\/p>\n<p>Zielt auf alle 12 Zeichen der Hautalterung f\u00fcr eine umfassende Hautpflege.<\/p>\n<\/div>\n<div class=\"border-section rte\">\n<p><strong>Pflegende Formel<\/strong><\/p>\n<p>Spendet tiefenwirksam Feuchtigkeit und n\u00e4hrt die Haut, macht sie weich, glatt und strahlend.<\/p>\n<\/div>","protected":false},"excerpt":{"rendered":"<p><strong>Revitalisieren Sie Ihre Haut mit YOU<sup>TH<\/sup>\u00a0Die altershemmende Kraft von DAILY<\/strong><br \/>\nT\u00e4gliche Verj\u00fcngung - Fortgeschrittene Anti-Aging - Pflegende Formel<\/p>\n<h2 class=\"center\">Worauf sie abzielt<\/h2>\n<div class=\"stats\">\n<div class=\"metric\">\n<div class=\"circle-chart\">\n<div class=\"percentage\">100% Hydratation<\/div>\n<\/div>\n<\/div>\n<div class=\"metric\">\n<div class=\"circle-chart\">\n<div class=\"percentage\">60% Pigmentierung<\/div>\n<\/div>\n<\/div>\n<div class=\"metric\">\n<div class=\"circle-chart\">\n<div class=\"percentage\">90% Festigkeit<\/div>\n<\/div>\n<\/div>\n<div class=\"metric\">\n<div class=\"circle-chart\">\n<div class=\"percentage\">90% Falten<\/div>\n<\/div>\n<\/div>\n<div class=\"metric\">\n<div class=\"circle-chart\">\n<div class=\"percentage\">100% Stumpfheit<\/div>\n<\/div>\n<\/div>\n<div class=\"metric\">\n<div class=\"circle-chart\">\n<div class=\"percentage\">95% Unverw\u00fcstlichkeit<\/div>\n<\/div>\n<\/div>\n<\/div>","protected":false},"featured_media":2750,"comment_status":"open","ping_status":"closed","template":"","meta":[],"product_brand":[],"product_cat":[34,25],"product_tag":[],"class_list":{"0":"post-2748","1":"product","2":"type-product","3":"status-publish","4":"has-post-thumbnail","6":"product_cat-skincare","7":"product_cat-young-goose","9":"first","10":"instock","11":"shipping-taxable","12":"purchasable","13":"product-type-simple"},"_links":{"self":[{"href":"https:\/\/qelizaesthetics.com\/de\/wp-json\/wp\/v2\/product\/2748","targetHints":{"allow":["GET"]}}],"collection":[{"href":"https:\/\/qelizaesthetics.com\/de\/wp-json\/wp\/v2\/product"}],"about":[{"href":"https:\/\/qelizaesthetics.com\/de\/wp-json\/wp\/v2\/types\/product"}],"replies":[{"embeddable":true,"href":"https:\/\/qelizaesthetics.com\/de\/wp-json\/wp\/v2\/comments?post=2748"}],"wp:featuredmedia":[{"embeddable":true,"href":"https:\/\/qelizaesthetics.com\/de\/wp-json\/wp\/v2\/media\/2750"}],"wp:attachment":[{"href":"https:\/\/qelizaesthetics.com\/de\/wp-json\/wp\/v2\/media?parent=2748"}],"wp:term":[{"taxonomy":"product_brand","embeddable":true,"href":"https:\/\/qelizaesthetics.com\/de\/wp-json\/wp\/v2\/product_brand?post=2748"},{"taxonomy":"product_cat","embeddable":true,"href":"https:\/\/qelizaesthetics.com\/de\/wp-json\/wp\/v2\/product_cat?post=2748"},{"taxonomy":"product_tag","embeddable":true,"href":"https:\/\/qelizaesthetics.com\/de\/wp-json\/wp\/v2\/product_tag?post=2748"}],"curies":[{"name":"wp","href":"https:\/\/api.w.org\/{rel}","templated":true}]}}