{"id":2732,"date":"2024-10-18T15:05:00","date_gmt":"2024-10-18T15:05:00","guid":{"rendered":"https:\/\/qelizaesthetics.com\/?post_type=product&#038;p=2732"},"modified":"2025-09-02T15:58:02","modified_gmt":"2025-09-02T15:58:02","slug":"adaptogloss","status":"publish","type":"product","link":"https:\/\/qelizaesthetics.com\/de\/produkt\/adaptogloss\/","title":{"rendered":"Nia Polish Peeling-Creme"},"content":{"rendered":"<h2 class=\"image-with-text__heading inline-richtext h2\">Enth\u00fcllen Sie Ihre strahlendste Haut<\/h2>\n<div class=\"border-section rte\">\n<p><strong>Sanfte Exfoliation<\/strong><\/p>\n<p>Entfernt sanft abgestorbene Hautzellen und f\u00f6rdert die Erneuerung der Haut.<\/p>\n<\/div>\n<div class=\"border-section rte\">\n<p><strong>NAD+ Vorstufen angereichert<\/strong><\/p>\n<p>Bringt das Mikrobiom der Haut ins Gleichgewicht und sorgt f\u00fcr ein gesundes Strahlen.<\/p>\n<\/div>\n<div class=\"border-section rte\">\n<p><strong>Strahlenverst\u00e4rkung<\/strong><\/p>\n<p>L\u00e4sst die Haut strahlender und gleichm\u00e4\u00dfiger aussehen.<\/p>\n<\/div>","protected":false},"excerpt":{"rendered":"<p><strong>Entfesseln Sie die Kraft der NAD+-Vorl\u00e4ufer Exfoliation<\/strong><br \/>\nSanftes Peeling - Angereichert mit NAD+-Vorl\u00e4ufern - Strahlkraft-Boost<\/p>\n<h2 class=\"center\">Worauf sie abzielt<\/h2>\n<div class=\"stats\">\n<div class=\"metric\">\n<div class=\"circle-chart\">\n<div class=\"percentage\">40% Hydratation<\/div>\n<\/div>\n<\/div>\n<div class=\"metric\">\n<div class=\"circle-chart\">\n<div class=\"percentage\">90% Pigmentierung<\/div>\n<\/div>\n<\/div>\n<div class=\"metric\">\n<div class=\"circle-chart\">\n<div class=\"percentage\">90% Festigkeit<\/div>\n<\/div>\n<\/div>\n<div class=\"metric\">\n<div class=\"circle-chart\">\n<div class=\"percentage\">75% Falten<\/div>\n<\/div>\n<\/div>\n<div class=\"metric\">\n<div class=\"circle-chart\">\n<div class=\"percentage\">95% Stumpfheit<\/div>\n<\/div>\n<\/div>\n<div class=\"metric\">\n<div class=\"circle-chart\">\n<div class=\"percentage\">60% Unverw\u00fcstlichkeit<\/div>\n<\/div>\n<\/div>\n<\/div>","protected":false},"featured_media":2737,"comment_status":"open","ping_status":"closed","template":"","meta":[],"product_brand":[],"product_cat":[34,25],"product_tag":[],"class_list":{"0":"post-2732","1":"product","2":"type-product","3":"status-publish","4":"has-post-thumbnail","6":"product_cat-skincare","7":"product_cat-young-goose","9":"first","10":"instock","11":"shipping-taxable","12":"purchasable","13":"product-type-simple"},"_links":{"self":[{"href":"https:\/\/qelizaesthetics.com\/de\/wp-json\/wp\/v2\/product\/2732","targetHints":{"allow":["GET"]}}],"collection":[{"href":"https:\/\/qelizaesthetics.com\/de\/wp-json\/wp\/v2\/product"}],"about":[{"href":"https:\/\/qelizaesthetics.com\/de\/wp-json\/wp\/v2\/types\/product"}],"replies":[{"embeddable":true,"href":"https:\/\/qelizaesthetics.com\/de\/wp-json\/wp\/v2\/comments?post=2732"}],"wp:featuredmedia":[{"embeddable":true,"href":"https:\/\/qelizaesthetics.com\/de\/wp-json\/wp\/v2\/media\/2737"}],"wp:attachment":[{"href":"https:\/\/qelizaesthetics.com\/de\/wp-json\/wp\/v2\/media?parent=2732"}],"wp:term":[{"taxonomy":"product_brand","embeddable":true,"href":"https:\/\/qelizaesthetics.com\/de\/wp-json\/wp\/v2\/product_brand?post=2732"},{"taxonomy":"product_cat","embeddable":true,"href":"https:\/\/qelizaesthetics.com\/de\/wp-json\/wp\/v2\/product_cat?post=2732"},{"taxonomy":"product_tag","embeddable":true,"href":"https:\/\/qelizaesthetics.com\/de\/wp-json\/wp\/v2\/product_tag?post=2732"}],"curies":[{"name":"wp","href":"https:\/\/api.w.org\/{rel}","templated":true}]}}