{"id":2731,"date":"2024-10-18T15:00:12","date_gmt":"2024-10-18T15:00:12","guid":{"rendered":"https:\/\/qelizaesthetics.com\/?post_type=product&#038;p=2731"},"modified":"2025-09-02T15:58:16","modified_gmt":"2025-09-02T15:58:16","slug":"pro-c-a-r-e","status":"publish","type":"product","link":"https:\/\/qelizaesthetics.com\/de\/produkt\/pro-c-a-r-e\/","title":{"rendered":"Pro C.A.R.E."},"content":{"rendered":"<h2 class=\"image-with-text__heading inline-richtext h2\">Entschl\u00fcsseln Sie das Geheimnis einer zeitlosen Haut<\/h2>\n<div class=\"border-section rte\">\n<p><strong>Senolytische Wirkung<\/strong><\/p>\n<p>Beseitigt gezielt seneszente Zellen und verj\u00fcngt so die Haut von innen heraus.<\/p>\n<\/div>\n<div class=\"border-section rte\">\n<p><strong>Falten- und Porenreduzierung<\/strong><\/p>\n<p>Verringert sichtbar das Erscheinungsbild von Falten und verfeinert die Poren f\u00fcr einen ebenm\u00e4\u00dfigen Teint.<\/p>\n<\/div>\n<div class=\"border-section rte\">\n<p><strong>Altersflecken-Radierer<\/strong><\/p>\n<p>Hellt Altersflecken auf, reduziert sie und f\u00f6rdert einen gleichm\u00e4\u00dfigen Hautton.<\/p>\n<\/div>","protected":false},"excerpt":{"rendered":"<p><strong>Fortschrittliche senolytische Technologie f\u00fcr un\u00fcbertroffenes Anti-Aging<\/strong><br \/>\nSenolytische Wirkung - Falten- und Porenreduzierung - Altersflecken-Radierer<\/p>\n<h2 class=\"center\">Worauf sie abzielt<\/h2>\n<div class=\"stats\">\n<div class=\"metric\">\n<div class=\"circle-chart\">\n<div class=\"percentage\">40% Hydratation<\/div>\n<\/div>\n<\/div>\n<div class=\"metric\">\n<div class=\"circle-chart\">\n<div class=\"percentage\">95% Pigmentierung<\/div>\n<\/div>\n<\/div>\n<div class=\"metric\">\n<div class=\"circle-chart\">\n<div class=\"percentage\">90% Festigkeit<\/div>\n<\/div>\n<\/div>\n<div class=\"metric\">\n<div class=\"circle-chart\">\n<div class=\"percentage\">95% Falten<\/div>\n<\/div>\n<\/div>\n<div class=\"metric\">\n<div class=\"circle-chart\">\n<div class=\"percentage\">100% Stumpfheit<\/div>\n<\/div>\n<\/div>\n<div class=\"metric\">\n<div class=\"circle-chart\">\n<div class=\"percentage\">100% Unverw\u00fcstlichkeit<\/div>\n<\/div>\n<\/div>\n<\/div>","protected":false},"featured_media":2729,"comment_status":"open","ping_status":"closed","template":"","meta":[],"product_brand":[],"product_cat":[34,25],"product_tag":[],"class_list":{"0":"post-2731","1":"product","2":"type-product","3":"status-publish","4":"has-post-thumbnail","6":"product_cat-skincare","7":"product_cat-young-goose","9":"first","10":"instock","11":"shipping-taxable","12":"purchasable","13":"product-type-simple"},"_links":{"self":[{"href":"https:\/\/qelizaesthetics.com\/de\/wp-json\/wp\/v2\/product\/2731","targetHints":{"allow":["GET"]}}],"collection":[{"href":"https:\/\/qelizaesthetics.com\/de\/wp-json\/wp\/v2\/product"}],"about":[{"href":"https:\/\/qelizaesthetics.com\/de\/wp-json\/wp\/v2\/types\/product"}],"replies":[{"embeddable":true,"href":"https:\/\/qelizaesthetics.com\/de\/wp-json\/wp\/v2\/comments?post=2731"}],"wp:featuredmedia":[{"embeddable":true,"href":"https:\/\/qelizaesthetics.com\/de\/wp-json\/wp\/v2\/media\/2729"}],"wp:attachment":[{"href":"https:\/\/qelizaesthetics.com\/de\/wp-json\/wp\/v2\/media?parent=2731"}],"wp:term":[{"taxonomy":"product_brand","embeddable":true,"href":"https:\/\/qelizaesthetics.com\/de\/wp-json\/wp\/v2\/product_brand?post=2731"},{"taxonomy":"product_cat","embeddable":true,"href":"https:\/\/qelizaesthetics.com\/de\/wp-json\/wp\/v2\/product_cat?post=2731"},{"taxonomy":"product_tag","embeddable":true,"href":"https:\/\/qelizaesthetics.com\/de\/wp-json\/wp\/v2\/product_tag?post=2731"}],"curies":[{"name":"wp","href":"https:\/\/api.w.org\/{rel}","templated":true}]}}