{"id":2714,"date":"2024-10-18T14:33:44","date_gmt":"2024-10-18T14:33:44","guid":{"rendered":"https:\/\/qelizaesthetics.com\/?post_type=product&#038;p=2714"},"modified":"2025-09-02T15:58:32","modified_gmt":"2025-09-02T15:58:32","slug":"bio-retinol","status":"publish","type":"product","link":"https:\/\/qelizaesthetics.com\/de\/produkt\/bio-retinol\/","title":{"rendered":"Bio-Retinol"},"content":{"rendered":"<h2 class=\"image-with-text__heading inline-richtext h2\">Sichtbare Korrektur von Falten und Vereinheitlichung des Hauttons mit sanfter Pr\u00e4zision<\/h2>\n<div class=\"border-section rte\">\n<p><strong>Verbessert Textur und Poren<\/strong><\/p>\n<p>Erleben Sie, wie sich das Hautbild und die Sichtbarkeit der Poren ver\u00e4ndern und der Teint glatter und feiner wird.<\/p>\n<\/div>\n<div class=\"border-section rte\">\n<p><strong>Retinol der Natur<\/strong><\/p>\n<p>Ahmt die nat\u00fcrlichen Retinol-Prozesse in der Haut nach und sorgt so f\u00fcr effektives Anti-Aging bei minimaler Reizung.<\/p>\n<\/div>\n<div class=\"border-section rte\">\n<p><strong>Verst\u00e4rkung der Barriere<\/strong><\/p>\n<p>Mit bio-mimetischen Lipiden, die die nat\u00fcrliche Hautbarriere st\u00e4rken.<\/p>\n<\/div>\n<p class=\"image-with-text__text image-with-text__text--caption caption-with-letter-spacing caption-with-letter-spacing--medium caption-with-letter-spacing\">F\u00dcR WEN SIE IST<\/p>\n<h2 class=\"image-with-text__heading inline-richtext h2\">Die Zeit zur\u00fcckdrehen mit Retinol aus der Natur<\/h2>\n<div class=\"label-section\">\n<div class=\"label-title\">GUT F\u00dcR<\/div>\n<div class=\"label-text\">\n<p>Diejenigen, die die Zeichen der Hautalterung ohne die sch\u00e4dlichen Auswirkungen herk\u00f6mmlicher Retinoide bek\u00e4mpfen m\u00f6chten.<\/p>\n<\/div>\n<\/div>\n<div class=\"label-section\">\n<div class=\"label-title\">Textur<\/div>\n<div class=\"label-text\">\n<p>Ein seidiges, reichhaltiges Serum, das sich auf der Haut feuchtigkeitsspendend und pflegend anf\u00fchlt.<\/p>\n<div class=\"ingredient-section active\">\n<h2 class=\"ingredient-title\">0,5% All-Trans Retinol<\/h2>\n<div class=\"ingredient-text\">\n<p>Bietet die Vorteile von Retinol, wie z. B. eine verbesserte Hautstruktur und weniger Falten, ohne die \u00fcblichen Nebenwirkungen.<\/p>\n<\/div>\n<\/div>\n<div class=\"ingredient-section\">\n<ul>\n<li class=\"ingredient-title\">Bio-mimetische Lipide<\/li>\n<li class=\"ingredient-title\">Aufhellende Wirkstoffe<\/li>\n<\/ul>\n<\/div>\n<div class=\"ingredient-section\">\n<h2 class=\"image-with-text__heading inline-richtext h1\">Wie zu verwenden<\/h2>\n<div class=\"apply-section\">\n<h2 class=\"apply-title\">Abendroutine<\/h2>\n<div class=\"apply-text\">\n<p>Am besten abends auf die gereinigte Haut auftragen.<\/p>\n<\/div>\n<\/div>\n<div class=\"apply-section\">\n<h2 class=\"apply-title\">Sanfte Anwendung<\/h2>\n<div class=\"apply-text\">\n<p>Es gen\u00fcgen einige Tropfen, die Sie sanft auf Gesicht und Hals einmassieren.<\/p>\n<\/div>\n<\/div>\n<div class=\"apply-section\">\n<h2 class=\"apply-title\">Sonnenschutz<\/h2>\n<div class=\"apply-text\">\n<p>Morgens mit SPF nachcremen, um die Haut zu sch\u00fctzen<\/p>\n<\/div>\n<\/div>\n<\/div>\n<\/div>\n<\/div>","protected":false},"excerpt":{"rendered":"<p><strong>Die Zeit zur\u00fcckdrehen mit Retinol aus der Natur<\/strong><br \/>\nWeniger Reizungen - Verbessert Textur und Poren - St\u00e4rkt die Barriere<\/p>\n<h2 class=\"center\">Worauf sie abzielt<\/h2>\n<div class=\"stats\">\n<div class=\"metric\">\n<div class=\"circle-chart\">\n<div class=\"percentage\">30% Hydratation<\/div>\n<\/div>\n<\/div>\n<div class=\"metric\">\n<div class=\"circle-chart\">\n<div class=\"percentage\">100% Pigmentierung<\/div>\n<\/div>\n<\/div>\n<div class=\"metric\">\n<div class=\"circle-chart\">\n<div class=\"percentage\">90% Festigkeit<\/div>\n<\/div>\n<\/div>\n<div class=\"metric\">\n<div class=\"circle-chart\">\n<div class=\"percentage\">100% Falten<\/div>\n<\/div>\n<\/div>\n<div class=\"metric\">\n<div class=\"circle-chart\">\n<div class=\"percentage\">85% Stumpfheit<\/div>\n<\/div>\n<\/div>\n<div class=\"metric\">\n<div class=\"circle-chart\">\n<div class=\"percentage\">65% Unverw\u00fcstlichkeit<\/div>\n<\/div>\n<\/div>\n<\/div>","protected":false},"featured_media":2715,"comment_status":"open","ping_status":"closed","template":"","meta":[],"product_brand":[],"product_cat":[34,25],"product_tag":[],"class_list":{"0":"post-2714","1":"product","2":"type-product","3":"status-publish","4":"has-post-thumbnail","6":"product_cat-skincare","7":"product_cat-young-goose","9":"first","10":"instock","11":"shipping-taxable","12":"purchasable","13":"product-type-simple"},"_links":{"self":[{"href":"https:\/\/qelizaesthetics.com\/de\/wp-json\/wp\/v2\/product\/2714","targetHints":{"allow":["GET"]}}],"collection":[{"href":"https:\/\/qelizaesthetics.com\/de\/wp-json\/wp\/v2\/product"}],"about":[{"href":"https:\/\/qelizaesthetics.com\/de\/wp-json\/wp\/v2\/types\/product"}],"replies":[{"embeddable":true,"href":"https:\/\/qelizaesthetics.com\/de\/wp-json\/wp\/v2\/comments?post=2714"}],"wp:featuredmedia":[{"embeddable":true,"href":"https:\/\/qelizaesthetics.com\/de\/wp-json\/wp\/v2\/media\/2715"}],"wp:attachment":[{"href":"https:\/\/qelizaesthetics.com\/de\/wp-json\/wp\/v2\/media?parent=2714"}],"wp:term":[{"taxonomy":"product_brand","embeddable":true,"href":"https:\/\/qelizaesthetics.com\/de\/wp-json\/wp\/v2\/product_brand?post=2714"},{"taxonomy":"product_cat","embeddable":true,"href":"https:\/\/qelizaesthetics.com\/de\/wp-json\/wp\/v2\/product_cat?post=2714"},{"taxonomy":"product_tag","embeddable":true,"href":"https:\/\/qelizaesthetics.com\/de\/wp-json\/wp\/v2\/product_tag?post=2714"}],"curies":[{"name":"wp","href":"https:\/\/api.w.org\/{rel}","templated":true}]}}