{"id":2701,"date":"2024-10-18T11:19:01","date_gmt":"2024-10-18T11:19:01","guid":{"rendered":"https:\/\/qelizaesthetics.com\/?post_type=product&#038;p=2701"},"modified":"2025-09-02T15:58:42","modified_gmt":"2025-09-02T15:58:42","slug":"adaptogenic-cleanser","status":"publish","type":"product","link":"https:\/\/qelizaesthetics.com\/de\/produkt\/adaptogenes-reinigungsmittel\/","title":{"rendered":"Adaptogenes Reinigungsmittel"},"content":{"rendered":"<h2 class=\"image-with-text__heading inline-richtext h2\">Das bestgeh\u00fctete Geheimnis der Natur f\u00fcr eine erfrischende Reinigung.<\/h2>\n<div class=\"border-section rte\">\n<p><strong>Sanft und doch wirkungsvoll<\/strong><\/p>\n<p>Seifenfreie Formel, die die Haut gr\u00fcndlich reinigt, ohne sie anzugreifen.<\/p>\n<\/div>\n<div class=\"border-section rte\">\n<p><strong>Adaptogene Infusion<\/strong><\/p>\n<p>Nutzt die Kraft der Adaptogene der Natur, um die Haut auszugleichen und zu revitalisieren.<\/p>\n<\/div>\n<div class=\"border-section rte\">\n<p><strong>NAD+ Verst\u00e4rkung<\/strong><\/p>\n<p>Enth\u00e4lt Inhaltsstoffe, die den NAD+-Spiegel der Haut unterst\u00fctzen, die Reparaturprozesse f\u00f6rdern und die Textur und Feuchtigkeit verbessern.<\/p>\n<\/div>\n<div class=\"label-section\">\n<div class=\"apply-section\">\n<div class=\"apply-text\">\n<p>&nbsp;<\/p>\n<\/div>\n<\/div>\n<\/div>","protected":false},"excerpt":{"rendered":"<p><strong>Das bestgeh\u00fctete Geheimnis der Natur f\u00fcr eine erfrischende Reinigung<\/strong><br \/>\nSofortige Hydratation - Adaptogene Infusion - NAD+ Verst\u00e4rkung<\/p>\n<h2 class=\"center\">Worauf sie abzielt<\/h2>\n<div class=\"stats\">\n<div class=\"metric\">\n<div class=\"circle-chart\">\n<div class=\"percentage\">60% Hydratation<\/div>\n<\/div>\n<\/div>\n<div class=\"metric\">\n<div class=\"circle-chart\">\n<div class=\"percentage\">0% Pigmentierung<\/div>\n<\/div>\n<\/div>\n<div class=\"metric\">\n<div class=\"circle-chart\">\n<div class=\"percentage\">20% Festigkeit<\/div>\n<\/div>\n<\/div>\n<div class=\"metric\">\n<div class=\"circle-chart\">\n<div class=\"percentage\">20% Falten<\/div>\n<\/div>\n<\/div>\n<div class=\"metric\">\n<div class=\"circle-chart\">\n<div class=\"percentage\">50% Stumpfheit<\/div>\n<\/div>\n<\/div>\n<div class=\"metric\">\n<div class=\"circle-chart\">\n<div class=\"percentage\">90% Unverw\u00fcstlichkeit<\/div>\n<\/div>\n<\/div>\n<\/div>","protected":false},"featured_media":2702,"comment_status":"open","ping_status":"closed","template":"","meta":[],"product_brand":[],"product_cat":[34,25],"product_tag":[],"class_list":{"0":"post-2701","1":"product","2":"type-product","3":"status-publish","4":"has-post-thumbnail","6":"product_cat-skincare","7":"product_cat-young-goose","9":"first","10":"instock","11":"shipping-taxable","12":"purchasable","13":"product-type-simple"},"_links":{"self":[{"href":"https:\/\/qelizaesthetics.com\/de\/wp-json\/wp\/v2\/product\/2701","targetHints":{"allow":["GET"]}}],"collection":[{"href":"https:\/\/qelizaesthetics.com\/de\/wp-json\/wp\/v2\/product"}],"about":[{"href":"https:\/\/qelizaesthetics.com\/de\/wp-json\/wp\/v2\/types\/product"}],"replies":[{"embeddable":true,"href":"https:\/\/qelizaesthetics.com\/de\/wp-json\/wp\/v2\/comments?post=2701"}],"wp:featuredmedia":[{"embeddable":true,"href":"https:\/\/qelizaesthetics.com\/de\/wp-json\/wp\/v2\/media\/2702"}],"wp:attachment":[{"href":"https:\/\/qelizaesthetics.com\/de\/wp-json\/wp\/v2\/media?parent=2701"}],"wp:term":[{"taxonomy":"product_brand","embeddable":true,"href":"https:\/\/qelizaesthetics.com\/de\/wp-json\/wp\/v2\/product_brand?post=2701"},{"taxonomy":"product_cat","embeddable":true,"href":"https:\/\/qelizaesthetics.com\/de\/wp-json\/wp\/v2\/product_cat?post=2701"},{"taxonomy":"product_tag","embeddable":true,"href":"https:\/\/qelizaesthetics.com\/de\/wp-json\/wp\/v2\/product_tag?post=2701"}],"curies":[{"name":"wp","href":"https:\/\/api.w.org\/{rel}","templated":true}]}}